{"id":597,"date":"2016-10-24T14:44:36","date_gmt":"2016-10-24T18:44:36","guid":{"rendered":"http:\/\/simon.wps.dev\/fr\/determine-the-right-term\/"},"modified":"2017-01-14T22:00:33","modified_gmt":"2017-01-15T03:00:33","slug":"determine-the-right-term","status":"publish","type":"page","link":"https:\/\/rupindernijjar.ca\/fr\/home-purchase\/determine-the-right-term\/","title":{"rendered":"D\u00e9terminer La Dur\u00e9e Qui Vous Convient"},"content":{"rendered":"<blockquote><p>EN AYANT UNE BONNE COMPR\u00c9HENSION DE LA DUR\u00c9E DE L\u2019HYPOTH\u00c8QUE, ET DE CE QU\u2019ELLE SIGNIFIE EN DOLLARS ET EN CONNAISSANCE, VOUS POURRIEZ \u00c9CONOMISER ET CHOISIR CE QUI EST ID\u00c9AL POUR VOUS.<\/p><\/blockquote>\n<div class=\"videoWrapper\">\n<iframe width=\"640\" height=\"360\" src=\"https:\/\/www.youtube.com\/embed\/XfKL4-vmIGw?rel=0\" frameborder=\"0\" allowfullscreen><\/iframe>\n<\/div>\n<p>Plusieurs facteurs sont \u00e0 consid\u00e9rer sur le march\u00e9 financier et dans votre vie personnelle, lorsque vous \u00eates sur le point de choisir la dur\u00e9e de votre hypoth\u00e8que.<\/p>\n<p>Si effectuer des paiements mensuels vous place dans une position presque inconfortable du c\u00f4t\u00e9 budg\u00e9taire, vous pourriez consid\u00e9rer une hypoth\u00e8que sur une plus longue dur\u00e9e, comme sur 10 ans, par exemple, afin de vous assurer de pouvoir effectuer vos paiements si le taux d\u2019int\u00e9r\u00eat augmente. \u00c0 la fin de cette dur\u00e9e de 10 ans, la plupart des acheteurs se retrouvent en meilleure position financi\u00e8re, ont un capital impay\u00e9 plus bas, et s\u2019il y a augmentation du taux d\u2019int\u00e9r\u00eat, peuvent effectuer des paiements hypoth\u00e9caires plus importants.<\/p>\n<p>Si vous magasinez pour l\u2019hypoth\u00e8que d\u2019un investissement immobilier, une hypoth\u00e8que \u00e0 long terme est \u00e0 privil\u00e9gier. Elle vous permettra d\u2019effectuer des paiements hypoth\u00e9caires r\u00e9guliers, et d\u2019avoir une meilleure connaissance du revenu futur de votre propri\u00e9t\u00e9.<\/p>\n<p>Choisir la bonne dur\u00e9e est une d\u00e9cision unique \u00e0 chaque individu. En comprenant votre situation financi\u00e8re et en ayant conscience de votre tol\u00e9rance au risque, un professionnel hypoth\u00e9caire pourra vous aider \u00e0 choisir la dur\u00e9e hypoth\u00e9caire la mieux adapt\u00e9e \u00e0 votre situation.<\/p>\n","protected":false},"excerpt":{"rendered":"<p>Choisir la dur\u00e9e de l\u2019hypoth\u00e8que appropri\u00e9e \u00e0 vos besoins peut \u00eatre difficile, m\u00eame pour les acheteurs les plus exp\u00e9riment\u00e9s.<\/p>\n","protected":false},"author":1,"featured_media":524,"parent":628,"menu_order":0,"comment_status":"closed","ping_status":"closed","template":"","meta":[],"yoast_head":"<!-- This site is optimized with the Yoast SEO plugin v17.1 - https:\/\/yoast.com\/wordpress\/plugins\/seo\/ -->\n<meta name=\"robots\" content=\"index, follow, max-snippet:-1, max-image-preview:large, max-video-preview:-1\" \/>\n<link rel=\"canonical\" href=\"https:\/\/rupindernijjar.ca\/fr\/home-purchase\/determine-the-right-term\/\" \/>\n<meta property=\"og:locale\" content=\"fr_FR\" \/>\n<meta property=\"og:type\" content=\"article\" \/>\n<meta property=\"og:title\" content=\"D\u00e9terminer La Dur\u00e9e Qui Vous Convient - Centres Hypoth\u00e9caires Dominion\" \/>\n<meta property=\"og:description\" content=\"Choisir la dur\u00e9e de l\u2019hypoth\u00e8que appropri\u00e9e \u00e0 vos besoins peut \u00eatre difficile, m\u00eame pour les acheteurs les plus exp\u00e9riment\u00e9s.\" \/>\n<meta property=\"og:url\" content=\"https:\/\/rupindernijjar.ca\/fr\/home-purchase\/determine-the-right-term\/\" \/>\n<meta property=\"og:site_name\" content=\"Centres Hypoth\u00e9caires Dominion\" \/>\n<meta property=\"article:modified_time\" content=\"2017-01-15T03:00:33+00:00\" \/>\n<meta property=\"og:image\" content=\"https:\/\/rupindernijjar.ca\/wp-content\/uploads\/2016\/10\/determine-the-right-term.jpg\" \/>\n\t<meta property=\"og:image:width\" content=\"1200\" \/>\n\t<meta property=\"og:image:height\" content=\"611\" \/>\n<meta name=\"twitter:card\" content=\"summary\" \/>\n<meta name=\"twitter:label1\" content=\"Dur\u00e9e de lecture est.\" \/>\n\t<meta name=\"twitter:data1\" content=\"1 minute\" \/>\n<script type=\"application\/ld+json\" class=\"yoast-schema-graph\">{\"@context\":\"https:\/\/schema.org\",\"@graph\":[{\"@type\":\"Organization\",\"@id\":\"https:\/\/rupindernijjar.ca\/#organization\",\"name\":\"Centres Hypoth\\u00e9caires Dominion\",\"url\":\"https:\/\/rupindernijjar.ca\/\",\"sameAs\":[],\"logo\":{\"@type\":\"ImageObject\",\"@id\":\"https:\/\/rupindernijjar.ca\/#logo\",\"inLanguage\":\"fr-FR\",\"url\":\"http:\/\/master.wps.dlcserver.com\/wp-content\/uploads\/2017\/01\/vector_DLC1.jpg\",\"contentUrl\":\"http:\/\/master.wps.dlcserver.com\/wp-content\/uploads\/2017\/01\/vector_DLC1.jpg\",\"width\":369,\"height\":173,\"caption\":\"Centres Hypoth\\u00e9caires Dominion\"},\"image\":{\"@id\":\"https:\/\/rupindernijjar.ca\/#logo\"}},{\"@type\":\"WebSite\",\"@id\":\"https:\/\/rupindernijjar.ca\/#website\",\"url\":\"https:\/\/rupindernijjar.ca\/\",\"name\":\"Centres Hypoth\\u00e9caires Dominion\",\"description\":\"Just another WordPress site\",\"publisher\":{\"@id\":\"https:\/\/rupindernijjar.ca\/#organization\"},\"potentialAction\":[{\"@type\":\"SearchAction\",\"target\":{\"@type\":\"EntryPoint\",\"urlTemplate\":\"https:\/\/rupindernijjar.ca\/?s={search_term_string}\"},\"query-input\":\"required name=search_term_string\"}],\"inLanguage\":\"fr-FR\"},{\"@type\":\"ImageObject\",\"@id\":\"https:\/\/rupindernijjar.ca\/fr\/home-purchase\/determine-the-right-term\/#primaryimage\",\"inLanguage\":\"fr-FR\",\"url\":\"https:\/\/rupindernijjar.ca\/wp-content\/uploads\/2016\/10\/determine-the-right-term.jpg\",\"contentUrl\":\"https:\/\/rupindernijjar.ca\/wp-content\/uploads\/2016\/10\/determine-the-right-term.jpg\",\"width\":1200,\"height\":611},{\"@type\":\"WebPage\",\"@id\":\"https:\/\/rupindernijjar.ca\/fr\/home-purchase\/determine-the-right-term\/#webpage\",\"url\":\"https:\/\/rupindernijjar.ca\/fr\/home-purchase\/determine-the-right-term\/\",\"name\":\"D\\u00e9terminer La Dur\\u00e9e Qui Vous Convient - Centres Hypoth\\u00e9caires Dominion\",\"isPartOf\":{\"@id\":\"https:\/\/rupindernijjar.ca\/#website\"},\"primaryImageOfPage\":{\"@id\":\"https:\/\/rupindernijjar.ca\/fr\/home-purchase\/determine-the-right-term\/#primaryimage\"},\"datePublished\":\"2016-10-24T18:44:36+00:00\",\"dateModified\":\"2017-01-15T03:00:33+00:00\",\"breadcrumb\":{\"@id\":\"https:\/\/rupindernijjar.ca\/fr\/home-purchase\/determine-the-right-term\/#breadcrumb\"},\"inLanguage\":\"fr-FR\",\"potentialAction\":[{\"@type\":\"ReadAction\",\"target\":[\"https:\/\/rupindernijjar.ca\/fr\/home-purchase\/determine-the-right-term\/\"]}]},{\"@type\":\"BreadcrumbList\",\"@id\":\"https:\/\/rupindernijjar.ca\/fr\/home-purchase\/determine-the-right-term\/#breadcrumb\",\"itemListElement\":[{\"@type\":\"ListItem\",\"position\":1,\"name\":\"Home\",\"item\":\"https:\/\/rupindernijjar.ca\/fr\/\"},{\"@type\":\"ListItem\",\"position\":2,\"name\":\"Home Purchase\",\"item\":\"https:\/\/rupindernijjar.ca\/fr\/home-purchase\/\"},{\"@type\":\"ListItem\",\"position\":3,\"name\":\"D\\u00e9terminer La Dur\\u00e9e Qui Vous Convient\"}]}]}<\/script>\n<!-- \/ Yoast SEO plugin. -->","yoast_head_json":{"robots":{"index":"index","follow":"follow","max-snippet":"max-snippet:-1","max-image-preview":"max-image-preview:large","max-video-preview":"max-video-preview:-1"},"canonical":"https:\/\/rupindernijjar.ca\/fr\/home-purchase\/determine-the-right-term\/","og_locale":"fr_FR","og_type":"article","og_title":"D\u00e9terminer La Dur\u00e9e Qui Vous Convient - Centres Hypoth\u00e9caires Dominion","og_description":"Choisir la dur\u00e9e de l\u2019hypoth\u00e8que appropri\u00e9e \u00e0 vos besoins peut \u00eatre difficile, m\u00eame pour les acheteurs les plus exp\u00e9riment\u00e9s.","og_url":"https:\/\/rupindernijjar.ca\/fr\/home-purchase\/determine-the-right-term\/","og_site_name":"Centres Hypoth\u00e9caires Dominion","article_modified_time":"2017-01-15T03:00:33+00:00","og_image":[{"width":1200,"height":611,"url":"https:\/\/rupindernijjar.ca\/wp-content\/uploads\/2016\/10\/determine-the-right-term.jpg","path":"\/var\/www\/sites\/wps\/sites\/code\/wp-content\/uploads\/2016\/10\/determine-the-right-term.jpg","size":"full","id":524,"alt":"","pixels":733200,"type":"image\/jpeg"}],"twitter_card":"summary","twitter_misc":{"Dur\u00e9e de lecture est.":"1 minute"},"schema":{"@context":"https:\/\/schema.org","@graph":[{"@type":"Organization","@id":"https:\/\/rupindernijjar.ca\/#organization","name":"Centres Hypoth\u00e9caires Dominion","url":"https:\/\/rupindernijjar.ca\/","sameAs":[],"logo":{"@type":"ImageObject","@id":"https:\/\/rupindernijjar.ca\/#logo","inLanguage":"fr-FR","url":"http:\/\/master.wps.dlcserver.com\/wp-content\/uploads\/2017\/01\/vector_DLC1.jpg","contentUrl":"http:\/\/master.wps.dlcserver.com\/wp-content\/uploads\/2017\/01\/vector_DLC1.jpg","width":369,"height":173,"caption":"Centres Hypoth\u00e9caires Dominion"},"image":{"@id":"https:\/\/rupindernijjar.ca\/#logo"}},{"@type":"WebSite","@id":"https:\/\/rupindernijjar.ca\/#website","url":"https:\/\/rupindernijjar.ca\/","name":"Centres Hypoth\u00e9caires Dominion","description":"Just another WordPress site","publisher":{"@id":"https:\/\/rupindernijjar.ca\/#organization"},"potentialAction":[{"@type":"SearchAction","target":{"@type":"EntryPoint","urlTemplate":"https:\/\/rupindernijjar.ca\/?s={search_term_string}"},"query-input":"required name=search_term_string"}],"inLanguage":"fr-FR"},{"@type":"ImageObject","@id":"https:\/\/rupindernijjar.ca\/fr\/home-purchase\/determine-the-right-term\/#primaryimage","inLanguage":"fr-FR","url":"https:\/\/rupindernijjar.ca\/wp-content\/uploads\/2016\/10\/determine-the-right-term.jpg","contentUrl":"https:\/\/rupindernijjar.ca\/wp-content\/uploads\/2016\/10\/determine-the-right-term.jpg","width":1200,"height":611},{"@type":"WebPage","@id":"https:\/\/rupindernijjar.ca\/fr\/home-purchase\/determine-the-right-term\/#webpage","url":"https:\/\/rupindernijjar.ca\/fr\/home-purchase\/determine-the-right-term\/","name":"D\u00e9terminer La Dur\u00e9e Qui Vous Convient - Centres Hypoth\u00e9caires Dominion","isPartOf":{"@id":"https:\/\/rupindernijjar.ca\/#website"},"primaryImageOfPage":{"@id":"https:\/\/rupindernijjar.ca\/fr\/home-purchase\/determine-the-right-term\/#primaryimage"},"datePublished":"2016-10-24T18:44:36+00:00","dateModified":"2017-01-15T03:00:33+00:00","breadcrumb":{"@id":"https:\/\/rupindernijjar.ca\/fr\/home-purchase\/determine-the-right-term\/#breadcrumb"},"inLanguage":"fr-FR","potentialAction":[{"@type":"ReadAction","target":["https:\/\/rupindernijjar.ca\/fr\/home-purchase\/determine-the-right-term\/"]}]},{"@type":"BreadcrumbList","@id":"https:\/\/rupindernijjar.ca\/fr\/home-purchase\/determine-the-right-term\/#breadcrumb","itemListElement":[{"@type":"ListItem","position":1,"name":"Home","item":"https:\/\/rupindernijjar.ca\/fr\/"},{"@type":"ListItem","position":2,"name":"Home Purchase","item":"https:\/\/rupindernijjar.ca\/fr\/home-purchase\/"},{"@type":"ListItem","position":3,"name":"D\u00e9terminer La Dur\u00e9e Qui Vous Convient"}]}]}},"_links":{"self":[{"href":"https:\/\/rupindernijjar.ca\/fr\/wp-json\/wp\/v2\/pages\/597"}],"collection":[{"href":"https:\/\/rupindernijjar.ca\/fr\/wp-json\/wp\/v2\/pages"}],"about":[{"href":"https:\/\/rupindernijjar.ca\/fr\/wp-json\/wp\/v2\/types\/page"}],"author":[{"embeddable":true,"href":"https:\/\/rupindernijjar.ca\/fr\/wp-json\/wp\/v2\/users\/1"}],"replies":[{"embeddable":true,"href":"https:\/\/rupindernijjar.ca\/fr\/wp-json\/wp\/v2\/comments?post=597"}],"version-history":[{"count":3,"href":"https:\/\/rupindernijjar.ca\/fr\/wp-json\/wp\/v2\/pages\/597\/revisions"}],"predecessor-version":[{"id":874,"href":"https:\/\/rupindernijjar.ca\/fr\/wp-json\/wp\/v2\/pages\/597\/revisions\/874"}],"up":[{"embeddable":true,"href":"https:\/\/rupindernijjar.ca\/fr\/wp-json\/wp\/v2\/pages\/628"}],"wp:featuredmedia":[{"embeddable":true,"href":"https:\/\/rupindernijjar.ca\/fr\/wp-json\/wp\/v2\/media\/524"}],"wp:attachment":[{"href":"https:\/\/rupindernijjar.ca\/fr\/wp-json\/wp\/v2\/media?parent=597"}],"curies":[{"name":"wp","href":"https:\/\/api.w.org\/{rel}","templated":true}]}}